{"id":24149,"date":"2026-01-27T08:26:44","date_gmt":"2026-01-27T07:26:44","guid":{"rendered":"https:\/\/archipel.internet-soft.tn\/product\/a-180-xk1047\/"},"modified":"2026-02-17T09:41:58","modified_gmt":"2026-02-17T08:41:58","slug":"a-180-xk1047","status":"publish","type":"product","link":"https:\/\/archipel.internet-soft.tn\/en\/product\/a-180-xk1047\/","title":{"rendered":"A 180 XK1047"},"content":{"rendered":"","protected":false},"excerpt":{"rendered":"<p>fr. : Chaise de salle \u00e0 manger rembourr\u00e9e en simili cuir XK1047. Assise et dossier remplis de mousse inject\u00e9e, structure et pieds en acier peint marron. en : Upholstered dining chair PU XK1047. Seat and back filled with injected foam, structure and legs in steel painted and legs<\/p>\n","protected":false},"featured_media":0,"template":"","meta":[],"product_brand":[],"product_cat":[1191],"product_tag":[],"class_list":{"0":"post-24149","1":"product","2":"type-product","3":"status-publish","5":"product_cat-uncategorized-en","7":"first","8":"instock","9":"shipping-taxable","10":"product-type-simple"},"_links":{"self":[{"href":"https:\/\/archipel.internet-soft.tn\/en\/wp-json\/wp\/v2\/product\/24149","targetHints":{"allow":["GET"]}}],"collection":[{"href":"https:\/\/archipel.internet-soft.tn\/en\/wp-json\/wp\/v2\/product"}],"about":[{"href":"https:\/\/archipel.internet-soft.tn\/en\/wp-json\/wp\/v2\/types\/product"}],"wp:attachment":[{"href":"https:\/\/archipel.internet-soft.tn\/en\/wp-json\/wp\/v2\/media?parent=24149"}],"wp:term":[{"taxonomy":"product_brand","embeddable":true,"href":"https:\/\/archipel.internet-soft.tn\/en\/wp-json\/wp\/v2\/product_brand?post=24149"},{"taxonomy":"product_cat","embeddable":true,"href":"https:\/\/archipel.internet-soft.tn\/en\/wp-json\/wp\/v2\/product_cat?post=24149"},{"taxonomy":"product_tag","embeddable":true,"href":"https:\/\/archipel.internet-soft.tn\/en\/wp-json\/wp\/v2\/product_tag?post=24149"}],"curies":[{"name":"wp","href":"https:\/\/api.w.org\/{rel}","templated":true}]}}