{"id":26123,"date":"2026-01-26T16:14:35","date_gmt":"2026-01-26T15:14:35","guid":{"rendered":"https:\/\/archipel.internet-soft.tn\/product\/om-zero-horizon-290\/"},"modified":"2026-02-18T08:44:33","modified_gmt":"2026-02-18T07:44:33","slug":"om-zero-horizon-290","status":"publish","type":"product","link":"https:\/\/archipel.internet-soft.tn\/en\/product\/om-zero-horizon-290\/","title":{"rendered":"Om zero horizon 290"},"content":{"rendered":"","protected":false},"excerpt":{"rendered":"<p>[:fr]Ne posant aucune intrusion \u00e0 l&#8217;\u0153il ou \u00e0 la beaut\u00e9 merveilleuse de la nature, le\u00a0parapluie\u00a0Ocean Master\u00a0MAX\u00a0Zero Horizon est un triomphe de design minimaliste et de fonctionnalit\u00e9 d&#8217;ombre ultime.\u00a0Maximisant l&#8217;utilit\u00e9 de l&#8217;ombre au plafond avec un profil vertical \u00abz\u00e9ro\u00bb, les vues de votre jardin et paysage environnant ne sont jamais compromises avec ce parasol ext\u00e9rieur durable.\u00a0Le Zero Horizon MAX est con\u00e7u pour r\u00e9sister aux rafales directes des oc\u00e9ans et aux vents du d\u00e9sert sans un soup\u00e7on de tension. G\u00e9nie dans la simplicit\u00e9 &#8211; abondante dans la protection de l&#8217;ombre[:en]Posing no intrusion to the eye or to Nature\u2019s wondrous beauty, the ocean master\u00a0MAX\u00a0zero horizon umbrella is a triumph of minimalistic design and ultimate shade functionality.\u00a0Maximizing overhead shade utility with a \u201czero\u201d vertical profile, views of your surrounding garden and landscape are never compromised with this durable outdoor umbrella. The zero horizon MAX is built to withstand direct ocean gusts and desert wind blasts without a hint of strain. Genius in simplicity \u2014 abundant in shade protection.[:]<\/p>\n","protected":false},"featured_media":26125,"template":"","meta":[],"product_brand":[],"product_cat":[1079,1109],"product_tag":[],"class_list":{"0":"post-26123","1":"product","2":"type-product","3":"status-publish","4":"has-post-thumbnail","6":"product_cat-outside-collection","7":"product_cat-parasol-en","9":"first","10":"instock","11":"virtual","12":"product-type-simple"},"_links":{"self":[{"href":"https:\/\/archipel.internet-soft.tn\/en\/wp-json\/wp\/v2\/product\/26123","targetHints":{"allow":["GET"]}}],"collection":[{"href":"https:\/\/archipel.internet-soft.tn\/en\/wp-json\/wp\/v2\/product"}],"about":[{"href":"https:\/\/archipel.internet-soft.tn\/en\/wp-json\/wp\/v2\/types\/product"}],"wp:featuredmedia":[{"embeddable":true,"href":"https:\/\/archipel.internet-soft.tn\/en\/wp-json\/wp\/v2\/media\/26125"}],"wp:attachment":[{"href":"https:\/\/archipel.internet-soft.tn\/en\/wp-json\/wp\/v2\/media?parent=26123"}],"wp:term":[{"taxonomy":"product_brand","embeddable":true,"href":"https:\/\/archipel.internet-soft.tn\/en\/wp-json\/wp\/v2\/product_brand?post=26123"},{"taxonomy":"product_cat","embeddable":true,"href":"https:\/\/archipel.internet-soft.tn\/en\/wp-json\/wp\/v2\/product_cat?post=26123"},{"taxonomy":"product_tag","embeddable":true,"href":"https:\/\/archipel.internet-soft.tn\/en\/wp-json\/wp\/v2\/product_tag?post=26123"}],"curies":[{"name":"wp","href":"https:\/\/api.w.org\/{rel}","templated":true}]}}