{"id":26126,"date":"2026-01-26T16:14:33","date_gmt":"2026-01-26T15:14:33","guid":{"rendered":"https:\/\/archipel.internet-soft.tn\/product\/om-max-cantilevr-nat\/"},"modified":"2026-02-18T08:44:38","modified_gmt":"2026-02-18T07:44:38","slug":"om-max-cantilevr-nat","status":"publish","type":"product","link":"https:\/\/archipel.internet-soft.tn\/en\/product\/om-max-cantilevr-nat\/","title":{"rendered":"Om max cantilevr nat"},"content":{"rendered":"","protected":false},"excerpt":{"rendered":"<p>[:fr]Ce\u00a0cantilever \u00e0 horizon z\u00e9ro\u00a0Ocean Master\u00a0MAX\u00a0est une approche minimaliste de l&#8217;ombre avec un auvent horizontal saisissant.\u00a0En conservant un profil vertical \u00abnul\u00bb, la voilure de niveau permet une vue non perturb\u00e9e lorsqu&#8217;elle dispara\u00eet dans l&#8217;horizon.\u00a0Un design jamais vu auparavant avec un m\u00e2t en porte-\u00e0-faux, le parasol carr\u00e9 de 10 pieds est gracieux et g\u00e9n\u00e9reusement proportionn\u00e9 pour cr\u00e9er des retraites fra\u00eeches avec une ambiance chaleureuse.[:en]This ocean master\u00a0MAX\u00a0zero horizon cantilever is a minimalistic approach to shade with a striking horizontal canopy. Maintaining a \u201czero\u201d vertical profile, the level canopy allows for an undisturbed view as it disappears into the horizon.\u00a0A design never before seen with a cantilevered mast, the 10\u2019 square parasol is graceful and generously proportioned to create cool retreats with warm ambiance.[:]<\/p>\n","protected":false},"featured_media":26128,"template":"","meta":[],"product_brand":[],"product_cat":[1079,1109],"product_tag":[],"class_list":{"0":"post-26126","1":"product","2":"type-product","3":"status-publish","4":"has-post-thumbnail","6":"product_cat-outside-collection","7":"product_cat-parasol-en","9":"first","10":"instock","11":"virtual","12":"product-type-simple"},"_links":{"self":[{"href":"https:\/\/archipel.internet-soft.tn\/en\/wp-json\/wp\/v2\/product\/26126","targetHints":{"allow":["GET"]}}],"collection":[{"href":"https:\/\/archipel.internet-soft.tn\/en\/wp-json\/wp\/v2\/product"}],"about":[{"href":"https:\/\/archipel.internet-soft.tn\/en\/wp-json\/wp\/v2\/types\/product"}],"wp:featuredmedia":[{"embeddable":true,"href":"https:\/\/archipel.internet-soft.tn\/en\/wp-json\/wp\/v2\/media\/26128"}],"wp:attachment":[{"href":"https:\/\/archipel.internet-soft.tn\/en\/wp-json\/wp\/v2\/media?parent=26126"}],"wp:term":[{"taxonomy":"product_brand","embeddable":true,"href":"https:\/\/archipel.internet-soft.tn\/en\/wp-json\/wp\/v2\/product_brand?post=26126"},{"taxonomy":"product_cat","embeddable":true,"href":"https:\/\/archipel.internet-soft.tn\/en\/wp-json\/wp\/v2\/product_cat?post=26126"},{"taxonomy":"product_tag","embeddable":true,"href":"https:\/\/archipel.internet-soft.tn\/en\/wp-json\/wp\/v2\/product_tag?post=26126"}],"curies":[{"name":"wp","href":"https:\/\/api.w.org\/{rel}","templated":true}]}}