{"id":26129,"date":"2026-01-26T16:14:32","date_gmt":"2026-01-26T15:14:32","guid":{"rendered":"https:\/\/archipel.internet-soft.tn\/product\/om-max-crescent-430\/"},"modified":"2026-02-18T08:44:46","modified_gmt":"2026-02-18T07:44:46","slug":"om-max-crescent-430","status":"publish","type":"product","link":"https:\/\/archipel.internet-soft.tn\/en\/product\/om-max-crescent-430\/","title":{"rendered":"Om max crescent 430"},"content":{"rendered":"","protected":false},"excerpt":{"rendered":"<p>[:fr]Les courbes de balayage du parapluie croissant Ocean Master MAX capturent le regard et atteignent plus que jamais avec la conception exclusive de la jambe de force \u00abV-MAX\u00bb \u2122 de TUUCI. Cette interpr\u00e9tation contemporaine d&#8217;un parapluie d&#8217;ext\u00e9rieur classique de la C\u00f4te d&#8217;Azur est mise en valeur avec des chapeaux de finition polis d&#8217;un billion de dollars et un auvent TUUCI classique pour cr\u00e9er une oasis d&#8217;ombre luxueuse dans n&#8217;importe quel environnement. L&#8217;innovation \u00e0 chaque courbe.[:en]Sweeping curves of the ocean master\u00a0MAX\u00a0crescent umbrella capture the eye and reach further than ever before with TUUCI\u2019s exclusive \u201cV-MAX\u201d\u2122 strut design. This contemporary interpretation of a classic French Riviera outdoor umbrella is highlighted with polished trillion finial-caps and classic TUUCI canopy tailoring to create a luxurious shade oasis in any environment. Innovation at every curve.[:]<\/p>\n","protected":false},"featured_media":26133,"template":"","meta":[],"product_brand":[],"product_cat":[1079,1109],"product_tag":[],"class_list":{"0":"post-26129","1":"product","2":"type-product","3":"status-publish","4":"has-post-thumbnail","6":"product_cat-outside-collection","7":"product_cat-parasol-en","9":"first","10":"instock","11":"virtual","12":"product-type-simple"},"_links":{"self":[{"href":"https:\/\/archipel.internet-soft.tn\/en\/wp-json\/wp\/v2\/product\/26129","targetHints":{"allow":["GET"]}}],"collection":[{"href":"https:\/\/archipel.internet-soft.tn\/en\/wp-json\/wp\/v2\/product"}],"about":[{"href":"https:\/\/archipel.internet-soft.tn\/en\/wp-json\/wp\/v2\/types\/product"}],"wp:featuredmedia":[{"embeddable":true,"href":"https:\/\/archipel.internet-soft.tn\/en\/wp-json\/wp\/v2\/media\/26133"}],"wp:attachment":[{"href":"https:\/\/archipel.internet-soft.tn\/en\/wp-json\/wp\/v2\/media?parent=26129"}],"wp:term":[{"taxonomy":"product_brand","embeddable":true,"href":"https:\/\/archipel.internet-soft.tn\/en\/wp-json\/wp\/v2\/product_brand?post=26129"},{"taxonomy":"product_cat","embeddable":true,"href":"https:\/\/archipel.internet-soft.tn\/en\/wp-json\/wp\/v2\/product_cat?post=26129"},{"taxonomy":"product_tag","embeddable":true,"href":"https:\/\/archipel.internet-soft.tn\/en\/wp-json\/wp\/v2\/product_tag?post=26129"}],"curies":[{"name":"wp","href":"https:\/\/api.w.org\/{rel}","templated":true}]}}