{"id":27466,"date":"2026-01-26T16:07:34","date_gmt":"2026-01-26T15:07:34","guid":{"rendered":"https:\/\/archipel.internet-soft.tn\/product\/t205-5002\/"},"modified":"2026-02-18T10:04:41","modified_gmt":"2026-02-18T09:04:41","slug":"t205-5002","status":"publish","type":"product","link":"https:\/\/archipel.internet-soft.tn\/en\/product\/t205-5002\/","title":{"rendered":"DOUCHE T205\/5002"},"content":{"rendered":"","protected":false},"excerpt":{"rendered":"<p>fr. : Douche Traditionnelle Funny Yang en couleur bleu avec mitigeur. La Douche Arkema Funny Yang est une Douche d\u2019ext\u00e9rieur et d\u2019int\u00e9rieur en poly\u00e9thyl\u00e8ne HD r\u00e9sistant au rayons UV, au sel et au calcaire qui peut \u00eatre utilis\u00e9 \u00e9galement en milieux marins. Douche classique avec double entr\u00e9e : Eau Froid ; Eau Chaude 2\u00d71\/2, non salaire, production italienne de Akrema Desing. en. : Traditional shower Arkema Funny Yang with mixer and with double connection for hot and cold water. Shower Arkema Funny Yang T205 Shower in UV and Salt water resistant HD Polyethylene suitable for use at the beach and in general marine and windy environments, resistant Indoor and Outdoor Shower suitable for every location. Traditional Shower Funny Yang T205 MADE IN ITALY by ARKEMA Design.<\/p>\n","protected":false},"featured_media":27469,"template":"","meta":[],"product_brand":[],"product_cat":[1079,1097],"product_tag":[],"class_list":{"0":"post-27466","1":"product","2":"type-product","3":"status-publish","4":"has-post-thumbnail","6":"product_cat-outside-collection","7":"product_cat-shower","9":"first","10":"instock","11":"virtual","12":"product-type-simple"},"_links":{"self":[{"href":"https:\/\/archipel.internet-soft.tn\/en\/wp-json\/wp\/v2\/product\/27466","targetHints":{"allow":["GET"]}}],"collection":[{"href":"https:\/\/archipel.internet-soft.tn\/en\/wp-json\/wp\/v2\/product"}],"about":[{"href":"https:\/\/archipel.internet-soft.tn\/en\/wp-json\/wp\/v2\/types\/product"}],"wp:featuredmedia":[{"embeddable":true,"href":"https:\/\/archipel.internet-soft.tn\/en\/wp-json\/wp\/v2\/media\/27469"}],"wp:attachment":[{"href":"https:\/\/archipel.internet-soft.tn\/en\/wp-json\/wp\/v2\/media?parent=27466"}],"wp:term":[{"taxonomy":"product_brand","embeddable":true,"href":"https:\/\/archipel.internet-soft.tn\/en\/wp-json\/wp\/v2\/product_brand?post=27466"},{"taxonomy":"product_cat","embeddable":true,"href":"https:\/\/archipel.internet-soft.tn\/en\/wp-json\/wp\/v2\/product_cat?post=27466"},{"taxonomy":"product_tag","embeddable":true,"href":"https:\/\/archipel.internet-soft.tn\/en\/wp-json\/wp\/v2\/product_tag?post=27466"}],"curies":[{"name":"wp","href":"https:\/\/api.w.org\/{rel}","templated":true}]}}