{"id":27606,"date":"2026-01-26T16:07:08","date_gmt":"2026-01-26T15:07:08","guid":{"rendered":"https:\/\/archipel.internet-soft.tn\/product\/douche-t225-6016\/"},"modified":"2026-02-18T10:12:24","modified_gmt":"2026-02-18T09:12:24","slug":"douche-t225-6016","status":"publish","type":"product","link":"https:\/\/archipel.internet-soft.tn\/en\/product\/douche-t225-6016\/","title":{"rendered":"DOUCHE T225\/6016"},"content":{"rendered":"","protected":false},"excerpt":{"rendered":"<p>FR. : Funny Yang T225 Arkema Design douche traditionnelle pour int\u00e9rieur et ext\u00e9rieur, couleur verte, avec mitigeur pour r\u00e9gler la temp\u00e9rature de l`eau. Douche avec structure en poly\u00e9thyl\u00e8ne HD, avec traitement anti-corrosion, r\u00e9sistant au calcaire et \u00e0 la salinit\u00e9. Fournie en standard avec une pomme de douche int\u00e9gr\u00e9e, un lave-pieds et un mitigeur pour choisir la temp\u00e9rature de l`eau souhait\u00e9e. Douche con\u00e7ue avec un faible encombrement pour trouver de la place m\u00eame dans un coin du jardin et de la terrasse. Id\u00e9al pour les \u00e9quipements publics et les stations baln\u00e9aires, il convient \u00e9galement aux salles de bains domestiques. Raccordement direct sur la ligne principale d`eau chaude et froide du r\u00e9seau d`eau. EN. : Interior and exterior traditional shower, model Funny Yang T225 Arkema Design with mixer to regulate the water temperature. Shower with structure in polyethylene HD, with anti-corrosion treatment, resistant to limestone and saltiness. Supplied as standard with integrated shower head, foot wash and mixer to choose the desired water temperature. Designed shower with small footprint to find space even in a corner of the garden and terrace. Ideal for public facilities and seaside resorts, it is also suitable for home bathrooms. Direct connection to the main hot and cold water line of the water system. Traditional Shower Funny Yang T205 MADE IN ITALY by ARKEMA Design.<\/p>\n","protected":false},"featured_media":27608,"template":"","meta":[],"product_brand":[],"product_cat":[1079,1097],"product_tag":[],"class_list":{"0":"post-27606","1":"product","2":"type-product","3":"status-publish","4":"has-post-thumbnail","6":"product_cat-outside-collection","7":"product_cat-shower","9":"first","10":"instock","11":"virtual","12":"product-type-simple"},"_links":{"self":[{"href":"https:\/\/archipel.internet-soft.tn\/en\/wp-json\/wp\/v2\/product\/27606","targetHints":{"allow":["GET"]}}],"collection":[{"href":"https:\/\/archipel.internet-soft.tn\/en\/wp-json\/wp\/v2\/product"}],"about":[{"href":"https:\/\/archipel.internet-soft.tn\/en\/wp-json\/wp\/v2\/types\/product"}],"wp:featuredmedia":[{"embeddable":true,"href":"https:\/\/archipel.internet-soft.tn\/en\/wp-json\/wp\/v2\/media\/27608"}],"wp:attachment":[{"href":"https:\/\/archipel.internet-soft.tn\/en\/wp-json\/wp\/v2\/media?parent=27606"}],"wp:term":[{"taxonomy":"product_brand","embeddable":true,"href":"https:\/\/archipel.internet-soft.tn\/en\/wp-json\/wp\/v2\/product_brand?post=27606"},{"taxonomy":"product_cat","embeddable":true,"href":"https:\/\/archipel.internet-soft.tn\/en\/wp-json\/wp\/v2\/product_cat?post=27606"},{"taxonomy":"product_tag","embeddable":true,"href":"https:\/\/archipel.internet-soft.tn\/en\/wp-json\/wp\/v2\/product_tag?post=27606"}],"curies":[{"name":"wp","href":"https:\/\/api.w.org\/{rel}","templated":true}]}}